{"id":24,"date":"2016-02-12T08:13:06","date_gmt":"2016-02-12T07:13:06","guid":{"rendered":"http:\/\/demos.famethemes.com\/onepress-oneify\/?page_id=24"},"modified":"2021-03-23T19:32:01","modified_gmt":"2021-03-23T18:32:01","slug":"service-title-2","status":"publish","type":"page","link":"https:\/\/sophrosportlille.fr\/?page_id=24","title":{"rendered":"SPORT SANT\u00c9 ou Activit\u00e9 Physique Adapt\u00e9e"},"content":{"rendered":"\n<p class=\"has-text-align-left has-medium-font-size\">Les techniques mobilis\u00e9es rel\u00e8vent d&#8217;activit\u00e9s physiques et sportives et se distinguent des actes de r\u00e9\u00e9ducation qui sont r\u00e9serv\u00e9s aux professionnels de sant\u00e9, tels que les kin\u00e9sith\u00e9rapeutes. Si le patient est atteint de limitations fonctionnelles s\u00e9v\u00e8res, il ne pourra \u00eatre suivi en activit\u00e9 physique adapt\u00e9e (APA) que par un professionnel de sant\u00e9, puis par un enseignant en activit\u00e9 physique adapt\u00e9e (EAPA) si son niveau de limitation s\u2019am\u00e9liore.<\/p>\n\n\n\n<p class=\"has-text-align-center has-white-color has-text-color has-background\" style=\"background-color:#fcc298;font-size:21px\">&#8221; <strong>Le sport-sant\u00e9 recouvre la pratique d\u2019activit\u00e9 physique ou sportive qui contribue au bien-\u00eatre et \u00e0 la sant\u00e9 du pratiquant<\/strong> &#8220;<\/p>\n\n\n\n<p class=\"has-text-align-center\">_____________<\/p>\n\n\n\n<h2 class=\"has-text-align-center wp-block-heading\" style=\"font-size:23px\">Projet individuel \/ Bilan de condition physique <\/h2>\n\n\n\n<p class=\"has-text-align-left has-medium-font-size\">En tant qu&#8217;Enseignante en Activit\u00e9 Physique Adapt\u00e9e (EAPA) j&#8217;\u00e9tudie tout d\u2019abord votre projet individuel\u00a0 (<strong>projet de soin, m\u00e9dical, d&#8217;am\u00e9lioration de la qualit\u00e9 de vie\u2026<\/strong>) pour prendre connaissance de vos motivations, vos souhaits, vos aptitudes, capacit\u00e9s et de ce qui est d\u00e9j\u00e0 mis en place par l\u2019\u00e9quipe pluridisciplinaire (m\u00e9decin, kin\u00e9sith\u00e9rapeute, infirmier, ergoth\u00e9rapeute, psychomotricien, psychologue, di\u00e9t\u00e9ticien, ost\u00e9opathe\u2026) afin de travailler en collaboration et compl\u00e9mentarit\u00e9 avec eux, dans la continuit\u00e9 de votre prise en charge ou en accord avec votre demande personnelle.<\/p>\n\n\n\n<p class=\"has-text-align-center\">_____________<\/p>\n\n\n\n<h2 class=\"has-text-align-center wp-block-heading\" style=\"font-size:23px\">\u00a0Programme personnalis\u00e9 d&#8217;Activit\u00e9 Physique Adapt\u00e9e <\/h2>\n\n\n\n<p class=\"has-text-align-left has-medium-font-size\">Suite au bilan de condition physique r\u00e9alis\u00e9 lors de notre premier rendez-vous, j&#8217;\u00e9labore un programme d&#8217;activit\u00e9 physique personnalis\u00e9 et adapt\u00e9 r\u00e9pondant \u00e0 l\u2019objectif fix\u00e9 dans le cadre de votre projet individuel.<\/p>\n\n\n\n<p class=\"has-medium-font-size\">La prise en charge en activit\u00e9 physique adapt\u00e9e permet de faire la transition entre le parcours de soin et la vie quotidienne. Ainsi, je me concentre sur vos aptitudes et capacit\u00e9s et non sur vos limitations, afin d&#8217;agir sur votre sant\u00e9 physique, mentale, \u00e9motionnelle et sociale. Le but \u00e9tant de favoriser la mise en mouvement du corps dans sa globalit\u00e9 et non pas seulement au niveau de la maladie\/d\u00e9ficience. <\/p>\n\n\n\n<p class=\"has-medium-font-size\">J&#8217;anime les s\u00e9ances et vous accompagne tout au long de votre suivi en APA, en vous proposant des exercices stimulants et ludiques, favorisants la progression, la motivation et les situations de r\u00e9ussite ind\u00e9pendantes de toute notion de performance. A chaque s\u00e9ance, je suis attentive \u00e0 l\u2019\u00e9tat de forme du jour et aux fluctuations des capacit\u00e9s et aptitudes (fatigabilit\u00e9, douleurs&#8230;),\u00a0afin de r\u00e9adapter instantan\u00e9ment mon intervention.<\/p>\n\n\n\n<p class=\"has-text-align-center\">_____________<\/p>\n\n\n\n<h2 class=\"has-text-align-center wp-block-heading\" style=\"font-size:23px\">Bon \u00e0 savoir :<\/h2>\n\n\n\n<p class=\"has-medium-font-size\"><strong>1\/<\/strong> La loi pr\u00e9voit que les m\u00e9decins puissent prescrire de l\u2019activit\u00e9 physique adapt\u00e9e aux patients souffrant de ce que l\u2019on appelle une <strong>Affection de Longue Dur\u00e9e (ALD)<\/strong>, inscrite ou non sur la liste ALD 30 (Article L. 1172-1 du code de la sant\u00e9) ainsi qu&#8217;aux personnes touch\u00e9es par une <strong>maladie chronique<\/strong>.  <\/p>\n\n\n\n<p class=\"has-text-align-center has-normal-font-size\"><strong>Renseignez-vous\u00a0:<\/strong> Ces s\u00e9ances d\u2019activit\u00e9 physique adapt\u00e9e ne sont pas rembours\u00e9es par l\u2019assurance maladie, m\u00eame si elles font l\u2019objet d\u2019une prescription m\u00e9dicale. En revanche, certains organismes tels que votre caisse de retraite, votre mutuelle\u2026 Peuvent vous rembourser tout ou une partie de votre accompagnement en APA. La Haute Autorit\u00e9 de Sant\u00e9 a \u00e9dit\u00e9 <a rel=\"noreferrer noopener\" href=\"https:\/\/www.has-sante.fr\/portail\/upload\/docs\/application\/pdf\/2018-10\/presse_dp__prescription_activite_physique.pdf\" target=\"_blank\">un guide pour faciliter la prescription d\u2019activit\u00e9 physique \u00e0 tous les patients<\/a>. Je vous invite vivement \u00e0 transmettre ce document \u00e0 votre m\u00e9decin en plus du<a href=\"https:\/\/sophrosportlille.fr\/?page_id=1637\"> formulaire de prescription<\/a>. <\/p>\n\n\n\n<p><\/p>\n\n\n\n<p class=\"has-text-align-left has-medium-font-size\"><strong>2\/<\/strong> <strong>Les personnes hors ALD ou maladie chronique<\/strong> (et donc hors parcours de soin \u00e9ligible au remboursement li\u00e9 \u00e0 la prise en charge dans le cadre de la prescription d&#8217;une activit\u00e9 physique) peuvent b\u00e9n\u00e9ficier de leur s\u00e9ance \u00e0 domicile via le r\u00e9glement par CESU et ainsi b\u00e9n\u00e9ficier d&#8217;une r\u00e9duction d&#8217;imp\u00f4t de 50%* <em>(*voir modalit\u00e9s en vigueur)<\/em>. <\/p>\n\n\n\n<p class=\"has-text-align-left has-medium-font-size\">Ce <strong>service \u00e0 domicile<\/strong> est tr\u00e8s appr\u00e9ci\u00e9 des familles ayant \u00e0 charge une personne <strong>d\u00e9ficiente intellectuelle ou poss\u00e9dant un trouble du spectre autistique ou bien aupr\u00e8s des personnes \u00e2g\u00e9es et des femmes enceintes.<\/strong><\/p>\n","protected":false},"excerpt":{"rendered":"<p>Pour qui ? Quels b\u00e9n\u00e9fices ? Activit\u00e9s propos\u00e9es et modalit\u00e9s.<\/p>\n","protected":false},"author":2,"featured_media":0,"parent":0,"menu_order":0,"comment_status":"closed","ping_status":"closed","template":"","meta":{"footnotes":""},"class_list":["post-24","page","type-page","status-publish","hentry"],"_links":{"self":[{"href":"https:\/\/sophrosportlille.fr\/index.php?rest_route=\/wp\/v2\/pages\/24","targetHints":{"allow":["GET"]}}],"collection":[{"href":"https:\/\/sophrosportlille.fr\/index.php?rest_route=\/wp\/v2\/pages"}],"about":[{"href":"https:\/\/sophrosportlille.fr\/index.php?rest_route=\/wp\/v2\/types\/page"}],"author":[{"embeddable":true,"href":"https:\/\/sophrosportlille.fr\/index.php?rest_route=\/wp\/v2\/users\/2"}],"replies":[{"embeddable":true,"href":"https:\/\/sophrosportlille.fr\/index.php?rest_route=%2Fwp%2Fv2%2Fcomments&post=24"}],"version-history":[{"count":12,"href":"https:\/\/sophrosportlille.fr\/index.php?rest_route=\/wp\/v2\/pages\/24\/revisions"}],"predecessor-version":[{"id":1646,"href":"https:\/\/sophrosportlille.fr\/index.php?rest_route=\/wp\/v2\/pages\/24\/revisions\/1646"}],"wp:attachment":[{"href":"https:\/\/sophrosportlille.fr\/index.php?rest_route=%2Fwp%2Fv2%2Fmedia&parent=24"}],"curies":[{"name":"wp","href":"https:\/\/api.w.org\/{rel}","templated":true}]}}