{"id":1637,"date":"2021-03-23T18:13:43","date_gmt":"2021-03-23T17:13:43","guid":{"rendered":"http:\/\/sophrosportlille.fr\/?page_id=1637"},"modified":"2021-03-23T18:13:43","modified_gmt":"2021-03-23T17:13:43","slug":"activite-physique-et-ald-maladie-chronique","status":"publish","type":"page","link":"https:\/\/sophrosportlille.fr\/?page_id=1637","title":{"rendered":"Activit\u00e9 physique et ALD \/ Maladie chronique"},"content":{"rendered":"\n<p class=\"has-medium-font-size\">Les personnes atteintes d\u2019une ALD (<strong>affection de longue dur\u00e9e<\/strong>) peuvent se voir prescrire une activit\u00e9 physique adapt\u00e9e \u00e0 leur maladie par leur m\u00e9decin traitant ou sp\u00e9cialiste. <\/p>\n\n\n\n<p class=\"has-text-align-center has-normal-font-size\"><a href=\"https:\/\/www.sportsantenormandie.fr\/document-25.html\"><strong>T\u00e9l\u00e9chargez ici le formulaire de prescription \u00e0 remettre \u00e0 votre m\u00e9decin.<\/strong><\/a><\/p>\n\n\n\n<div class=\"wp-block-image\"><figure class=\"aligncenter size-large\"><img loading=\"lazy\" decoding=\"async\" width=\"383\" height=\"261\" src=\"http:\/\/sophrosportlille.fr\/wp-content\/uploads\/2021\/03\/image-1.png\" alt=\"\" class=\"wp-image-1640\" srcset=\"https:\/\/sophrosportlille.fr\/wp-content\/uploads\/2021\/03\/image-1.png 383w, https:\/\/sophrosportlille.fr\/wp-content\/uploads\/2021\/03\/image-1-300x204.png 300w\" sizes=\"auto, (max-width: 383px) 100vw, 383px\" \/><\/figure><\/div>\n\n\n\n<p class=\"has-text-align-center has-small-font-size\">La prescription concerne des activit\u00e9s physiques adapt\u00e9es et non de la r\u00e9\u00e9ducation.<\/p>\n\n\n\n<p class=\"has-medium-font-size\">La pratique d\u2019une activit\u00e9 physique est aussi <strong>b\u00e9n\u00e9fique pour les personnes souffrant d\u2019une maladie chronique<\/strong> et peut \u00eatre consid\u00e9r\u00e9e comme&nbsp;une th\u00e9rapeutique non m\u00e9dicamenteuse. En pratiquant r\u00e9guli\u00e8rement une activit\u00e9 physique, ces personnes peuvent r\u00e9duire l\u2019impact de la maladie sur leur quotidien.<\/p>\n\n\n\n<p class=\"has-text-align-center has-text-color has-background has-medium-font-size\" style=\"background-color:#fcac72;color:#fcf8f8\"><strong>La loi de modernisation de notre syst\u00e8me de sant\u00e9 donne d\u00e9sormais la possibilit\u00e9 au m\u00e9decin traitant et sp\u00e9cialiste de prescrire une activit\u00e9 physique adapt\u00e9e \u00e0 la pathologie, aux capacit\u00e9s physiques et au risque m\u00e9dical de leurs patients atteints d\u2019une ALD (affection de longue dur\u00e9e) ou d&#8217;une maladie chronique.<\/strong> &#8211; <strong>CNSA<\/strong><\/p>\n\n\n\n<p><\/p>\n\n\n\n<p class=\"has-text-align-center has-normal-font-size\">Ces s\u00e9ances d\u2019activit\u00e9 physique adapt\u00e9e ne sont pas rembours\u00e9es par l\u2019assurance maladie, m\u00eame si elles font l\u2019objet d\u2019une prescription m\u00e9dicale. En revanche, certains organismes tels que votre caisse de retraite, votre mutuelle, la r\u00e9gion, votre mairie&#8230; Peuvent vous rembourser tout ou une partie de votre accompagnement en APA. <\/p>\n\n\n\n<p>______________<\/p>\n\n\n\n<p class=\"has-text-align-center has-text-color has-medium-font-size\" style=\"color:#fcac72\">&#8211; <strong>POUR R\u00c9SUMER <\/strong>&#8211;<\/p>\n\n\n\n<ol class=\"has-normal-font-size wp-block-list\"><li>Rendez-vous chez votre m\u00e9decin traitant ou sp\u00e9cialiste avec le formulaire de prescription d&#8217;une APA.<\/li><li>Prenez rendez-vous avec l&#8217;Enseignant en activit\u00e9 physique adapt\u00e9e de votre choix.<\/li><li>Apportez votre fiche de liaison, le formulaire de prescription d\u00fbment compl\u00e9t\u00e9 et tout autre document utile \u00e0 l&#8217;\u00e9laboration du programme d&#8217;accompagnement en APA. <\/li><li>Le premier rendez-vous avec votre EAPA sera consacr\u00e9 \u00e0 la r\u00e9alisation d&#8217;un bilan de condition physique au cabinet de pr\u00e9f\u00e9rence. <\/li><li>Un programme d&#8217;accompagnement adapt\u00e9 et personnalis\u00e9 vous sera propos\u00e9 \u00e0 l&#8217;issue des tests. <\/li><li>A la fin de chaque s\u00e9ance, une facture sera \u00e9dit\u00e9e et vous pourrez la transmettre \u00e0 votre mutuelle ou autre organisme de remboursement. <\/li><\/ol>\n\n\n\n<p>________________<\/p>\n\n\n\n<p class=\"has-medium-font-size\">En tant qu&#8217;Enseignante en APA &amp; adh\u00e9rente \u00e0 la Soci\u00e9t\u00e9 Fran\u00e7aise des Professionnels de l&#8217;Activit\u00e9 Physique Adapt\u00e9e, je peux r\u00e9aliser ce fameux BILAN DE CONDITION PHYSIQUE.<\/p>\n\n\n\n<p class=\"has-medium-font-size\"><br>Ensuite, les s\u00e9ances<strong> individuelles<\/strong> peuvent \u00eatre mises en place au <strong>cabinet<\/strong> ou <strong>\u00e0 domicile<\/strong>. Les s\u00e9ances <strong>collectives <\/strong>sont r\u00e9duites \u00e0 un nombre de <strong><em>2 participants<\/em><\/strong> afin de garantir le respect des r\u00e8gles sanitaires et gestes barri\u00e8res <strong><em>durant la crise COVID-19<\/em><\/strong>.<\/p>\n\n\n\n<p><\/p>\n","protected":false},"excerpt":{"rendered":"<p>Activit\u00e9 physique et ALD \/ Maladie chronique. Prescription \u00e0 remettre \u00e0 votre m\u00e9decin traitant ou sp\u00e9cialiste.<\/p>\n","protected":false},"author":1,"featured_media":0,"parent":0,"menu_order":0,"comment_status":"closed","ping_status":"closed","template":"","meta":{"footnotes":""},"class_list":["post-1637","page","type-page","status-publish","hentry"],"_links":{"self":[{"href":"https:\/\/sophrosportlille.fr\/index.php?rest_route=\/wp\/v2\/pages\/1637","targetHints":{"allow":["GET"]}}],"collection":[{"href":"https:\/\/sophrosportlille.fr\/index.php?rest_route=\/wp\/v2\/pages"}],"about":[{"href":"https:\/\/sophrosportlille.fr\/index.php?rest_route=\/wp\/v2\/types\/page"}],"author":[{"embeddable":true,"href":"https:\/\/sophrosportlille.fr\/index.php?rest_route=\/wp\/v2\/users\/1"}],"replies":[{"embeddable":true,"href":"https:\/\/sophrosportlille.fr\/index.php?rest_route=%2Fwp%2Fv2%2Fcomments&post=1637"}],"version-history":[{"count":3,"href":"https:\/\/sophrosportlille.fr\/index.php?rest_route=\/wp\/v2\/pages\/1637\/revisions"}],"predecessor-version":[{"id":1642,"href":"https:\/\/sophrosportlille.fr\/index.php?rest_route=\/wp\/v2\/pages\/1637\/revisions\/1642"}],"wp:attachment":[{"href":"https:\/\/sophrosportlille.fr\/index.php?rest_route=%2Fwp%2Fv2%2Fmedia&parent=1637"}],"curies":[{"name":"wp","href":"https:\/\/api.w.org\/{rel}","templated":true}]}}