{"id":1617,"date":"2021-03-12T18:15:11","date_gmt":"2021-03-12T17:15:11","guid":{"rendered":"https:\/\/sophrosportlille.fr\/?page_id=1617"},"modified":"2021-05-28T00:13:53","modified_gmt":"2021-05-27T22:13:53","slug":"atelier-so-photo-sophrologie-et-photo","status":"publish","type":"page","link":"https:\/\/sophrosportlille.fr\/?page_id=1617","title":{"rendered":"ATELIER SO PHOTO (Sophrologie et photo)"},"content":{"rendered":"\n<p class=\"has-medium-font-size\">N\u00e9 d&#8217;un partenariat qui nous tenait \u00e0 c\u0153ur avec <a href=\"https:\/\/www.ophelie-bajeux.com\/\">Oph\u00e9lie B. Photographie<\/a>, l&#8217;atelier SO PHOTO est la concr\u00e9tisation de notre projet mettant \u00e0 l&#8217;honneur <strong>la femme enceinte<\/strong>. <\/p>\n\n\n\n<p class=\"has-text-align-center has-medium-font-size\">La fin de grossesse peut \u00eatre douloureuse, stressante et surtout il faut se pr\u00e9parer \u00e0 la naissance de b\u00e9b\u00e9&#8230; <\/p>\n\n\n\n<p class=\"has-text-align-center has-medium-font-size\">C&#8217;est pourquoi, nous lui proposons un atelier permettant d&#8217;immortaliser sa grossesse gr\u00e2ce \u00e0 une s\u00e9ance photo en studio par Oph\u00e9lie Bajeux, photographe professionnelle sp\u00e9cialis\u00e9e en portraits de nouveau-n\u00e9s, familles et maternit\u00e9; et en l&#8217;invitant \u00e0 prendre pleinement conscience de sa grossesse, \u00e0 vivre un moment unique de d\u00e9tente et en ressentant la merveilleuse connexion m\u00e8re-enfant gr\u00e2ce \u00e0 la s\u00e9ance &#8220;Grossesse et \u00e9veil des sens&#8221; que j&#8217;ai sp\u00e9cialement con\u00e7ue pour cet atelier.<\/p>\n\n\n\n<p><\/p>\n\n\n\n<p class=\"has-text-align-center has-text-color has-medium-font-size\" style=\"color:#fccb9f\">&#8211; <strong>MODALIT\u00c9S<\/strong> &#8211;<\/p>\n\n\n\n<p class=\"has-medium-font-size\">La s\u00e9ance s&#8217;effectue en plusieurs groupe. Pendant que 4 personnes seront \u00e0 l&#8217;ext\u00e9rieur pour la s\u00e9ance &#8220;Grossesse et \u00e9veil des sens&#8221;, 4 autres seront au studio pour une s\u00e9ance photo de 20min individuelle. Vous pourrez profitez d&#8217;un buffet le temps que chaque personne passe en photo.\u00a0<\/p>\n\n\n\n<p class=\"has-normal-font-size\">ATTENTION, \u00e0 cause des mesures sanitaires, tout est programm\u00e9 \u00e0 l&#8217;avance, nettoy\u00e9 entre chaque personne, et bien s\u00fbre limit\u00e9, il est donc tr\u00e8s important de r\u00e9server sa place \u00e0 l&#8217;avance. <\/p>\n\n\n\n<p class=\"has-text-align-center has-text-color has-medium-font-size\" style=\"color:#fccb9f\">&#8211; <strong>FORMULE <\/strong>_ <strong>Collection SoPhoto &#8211; 150\u20ac<\/strong> &#8211;<\/p>\n\n\n\n<div class=\"wp-block-image is-style-default\"><figure class=\"aligncenter\"><img decoding=\"async\" src=\"https:\/\/scontent.fcdg3-1.fna.fbcdn.net\/v\/t1.0-0\/p526x296\/157425988_3891906934181287_578531604975098695_o.jpg?_nc_cat=100&amp;ccb=1-3&amp;_nc_sid=730e14&amp;_nc_ohc=9FgtO2xvF1sAX_Pel11&amp;_nc_ht=scontent.fcdg3-1.fna&amp;tp=6&amp;oh=197c63baba1ff9bb51db008cd8bf580e&amp;oe=6070FF74\" alt=\"Peut \u00eatre une image de 1 personne, position debout et texte qui dit \u20191h20 de sophrologie \u00abgrossesse et \u00e9veil des sens\u00bb Photogpapbie 2omin de s\u00e9ance photo 5 photos HD num\u00e9rique Buffet nourriture boisson) 150\u20ac\u2019\"\/><figcaption>@Oph\u00e9lie B. Photographie<\/figcaption><\/figure><\/div>\n\n\n\n<ul class=\"has-medium-font-size wp-block-list\"><li>Fichiers en noir &amp; blanc offerts<\/li><li>Un BON de -10% OFFERT \u00e0 chaque participante sur sa prochaine s\u00e9ance de sophrologie individuelle \u00e0 domicile ou au cabinet. <\/li><\/ul>\n\n\n\n<p class=\"has-medium-font-size\"><strong>Acompte de 30% \u00e0\u00a0la r\u00e9servation, les 70% restants le jour J (la CB est accept\u00e9e).<\/strong><\/p>\n\n\n\n<p><\/p>\n\n\n\n<p class=\"has-vivid-red-color has-text-color\">________________  DATES  ______________<\/p>\n\n\n\n<ul class=\"has-vivid-red-color has-text-color wp-block-list\"><li><strong>le 06 mai 2021 \u00e0 10h et \u00e0 14h30<\/strong>. PASSEE<\/li><li>la prochaine date sera annonc\u00e9e dans le fil d&#8217;actu \ud83d\ude42<\/li><\/ul>\n\n\n\n<p class=\"has-text-align-center has-medium-font-size\">Infos photo et<a href=\"https:\/\/www.ophelie-bajeux.com\/book-online\"> r\u00e9servation<\/a> directement sur le site d&#8217;Oph\u00e9lie.<\/p>\n","protected":false},"excerpt":{"rendered":"<p>N\u00e9 d&#8217;un partenariat qui nous tenait \u00e0 c\u0153ur avec Oph\u00e9lie B. Photographie, l&#8217;atelier SO PHOTO est la concr\u00e9tisation de notre projet mettant \u00e0 l&#8217;honneur la femme enceinte. La fin de &#8230;<\/p>\n","protected":false},"author":1,"featured_media":0,"parent":0,"menu_order":0,"comment_status":"closed","ping_status":"closed","template":"","meta":{"footnotes":""},"class_list":["post-1617","page","type-page","status-publish","hentry"],"_links":{"self":[{"href":"https:\/\/sophrosportlille.fr\/index.php?rest_route=\/wp\/v2\/pages\/1617","targetHints":{"allow":["GET"]}}],"collection":[{"href":"https:\/\/sophrosportlille.fr\/index.php?rest_route=\/wp\/v2\/pages"}],"about":[{"href":"https:\/\/sophrosportlille.fr\/index.php?rest_route=\/wp\/v2\/types\/page"}],"author":[{"embeddable":true,"href":"https:\/\/sophrosportlille.fr\/index.php?rest_route=\/wp\/v2\/users\/1"}],"replies":[{"embeddable":true,"href":"https:\/\/sophrosportlille.fr\/index.php?rest_route=%2Fwp%2Fv2%2Fcomments&post=1617"}],"version-history":[{"count":6,"href":"https:\/\/sophrosportlille.fr\/index.php?rest_route=\/wp\/v2\/pages\/1617\/revisions"}],"predecessor-version":[{"id":1668,"href":"https:\/\/sophrosportlille.fr\/index.php?rest_route=\/wp\/v2\/pages\/1617\/revisions\/1668"}],"wp:attachment":[{"href":"https:\/\/sophrosportlille.fr\/index.php?rest_route=%2Fwp%2Fv2%2Fmedia&parent=1617"}],"curies":[{"name":"wp","href":"https:\/\/api.w.org\/{rel}","templated":true}]}}