{"id":1594,"date":"2021-03-12T15:00:12","date_gmt":"2021-03-12T14:00:12","guid":{"rendered":"http:\/\/sophrosportlille.fr\/?page_id=1594"},"modified":"2021-03-12T16:43:43","modified_gmt":"2021-03-12T15:43:43","slug":"evenementiel-evjf-evg-anniversaire","status":"publish","type":"page","link":"https:\/\/sophrosportlille.fr\/?page_id=1594","title":{"rendered":"\u00c9v\u00e8nementiel, EVJF, EVG, anniversaire&#8230;"},"content":{"rendered":"\n<p class=\"has-text-align-center has-white-color has-text-color has-background has-medium-font-size\" style=\"background-color:#cda5f3\"><strong>Partagez une s\u00e9ance de sophrologie et\/ou d\u2019activit\u00e9 physique douce in\u00e9dite anim\u00e9e et encadr\u00e9e par une professionnelle passionn\u00e9e! Ax\u00e9e sur la d\u00e9tente, le bien-\u00eatre et surtout la d\u00e9couverte et l\u2019\u00e9coute de soi, de son corps et ses sensations\u2026<\/strong><\/p>\n\n\n\n<p class=\"has-text-align-center\">______________<\/p>\n\n\n\n<p class=\"has-medium-font-size\"><strong>Description:<\/strong> <\/p>\n\n\n\n<p class=\"has-medium-font-size\">Cette s\u00e9ance sp\u00e9ciale EVJF, EVG, anniversaire, vous apportera de nombreux bienfaits au corps et \u00e0 l\u2019esprit. En arrivant sur le lieu de pratique, d\u00e9tendez-vous et oubliez vos tracas du quotidien, vous \u00eates ici pour vous laisser aller et vous accepter tel(le) que vous \u00eates ! Une tenue souple est \u00e0 privil\u00e9gier pour votre confort mais pas indispensable. <\/p>\n\n\n\n<p class=\"has-text-align-center has-text-color has-medium-font-size\" style=\"color:#cda5f3\">Id\u00e9al pour se d\u00e9tendre, faire le plein d&#8217;\u00e9nergies positives et partagez un moment inoubliable avec vos ami(e)s, vos proches !<\/p>\n\n\n\n<p class=\"has-medium-font-size\"><strong>D\u00e9tails :<\/strong><\/p>\n\n\n\n<ul class=\"has-medium-font-size wp-block-list\"><li>Dur\u00e9e : de 1h \u00e0 1h30.<\/li><li>Nombre de participants : jusqu\u2019\u00e0 12 personnes<\/li><li>Ouverture : En semaine et en weekend<\/li><li>Lieu : A d\u00e9finir ensemble (Citadelle de Lille, en bord de mer, en for\u00eat, chez vous ? ) <\/li><\/ul>\n\n\n\n<p class=\"has-text-align-center\">_____________<\/p>\n\n\n\n<p><\/p>\n\n\n\n<p class=\"has-text-align-center has-text-color has-medium-font-size\" style=\"color:#cda5f3\"><strong>Les + : Un BON CADEAU de -10% remis \u00e0 l&#8217;ensemble des participants sur leur prochaine s\u00e9ance individuelle ET -30% sur la s\u00e9ance individuelle de l&#8217;heureux(se) \u00e9lu(e) la semaine avant le jour J ou dans le mois suivant l&#8217;anniversaire !<\/strong><\/p>\n\n\n\n<p><\/p>\n\n\n\n<p class=\"has-text-align-center has-normal-font-size\"><strong>Je suis disponible par mail \u00e0 emeline@sophrosportlille.fr, t\u00e9l\u00e9phone au 0749418965, Messenger <a href=\"https:\/\/www.facebook.com\/sophrosportlille\">@sophrosportlille <\/a>pour toute demande personnalis\u00e9e et informations compl\u00e9mentaires.<\/strong><\/p>\n","protected":false},"excerpt":{"rendered":"<p>Partagez une s\u00e9ance de sophrologie et\/ou d\u2019activit\u00e9 physique douce in\u00e9dite anim\u00e9e et encadr\u00e9e par une professionnelle passionn\u00e9e! Ax\u00e9e sur la d\u00e9tente, le bien-\u00eatre et surtout la d\u00e9couverte et l\u2019\u00e9coute de &#8230;<\/p>\n","protected":false},"author":1,"featured_media":0,"parent":0,"menu_order":0,"comment_status":"closed","ping_status":"closed","template":"","meta":{"footnotes":""},"class_list":["post-1594","page","type-page","status-publish","hentry"],"_links":{"self":[{"href":"https:\/\/sophrosportlille.fr\/index.php?rest_route=\/wp\/v2\/pages\/1594","targetHints":{"allow":["GET"]}}],"collection":[{"href":"https:\/\/sophrosportlille.fr\/index.php?rest_route=\/wp\/v2\/pages"}],"about":[{"href":"https:\/\/sophrosportlille.fr\/index.php?rest_route=\/wp\/v2\/types\/page"}],"author":[{"embeddable":true,"href":"https:\/\/sophrosportlille.fr\/index.php?rest_route=\/wp\/v2\/users\/1"}],"replies":[{"embeddable":true,"href":"https:\/\/sophrosportlille.fr\/index.php?rest_route=%2Fwp%2Fv2%2Fcomments&post=1594"}],"version-history":[{"count":2,"href":"https:\/\/sophrosportlille.fr\/index.php?rest_route=\/wp\/v2\/pages\/1594\/revisions"}],"predecessor-version":[{"id":1611,"href":"https:\/\/sophrosportlille.fr\/index.php?rest_route=\/wp\/v2\/pages\/1594\/revisions\/1611"}],"wp:attachment":[{"href":"https:\/\/sophrosportlille.fr\/index.php?rest_route=%2Fwp%2Fv2%2Fmedia&parent=1594"}],"curies":[{"name":"wp","href":"https:\/\/api.w.org\/{rel}","templated":true}]}}