{"id":1592,"date":"2021-03-12T14:58:11","date_gmt":"2021-03-12T13:58:11","guid":{"rendered":"http:\/\/sophrosportlille.fr\/?page_id=1592"},"modified":"2021-05-28T02:05:27","modified_gmt":"2021-05-28T00:05:27","slug":"escapades-sophrologie-et-sport-sante","status":"publish","type":"page","link":"https:\/\/sophrosportlille.fr\/?page_id=1592","title":{"rendered":"Escapades Sophrologie et sport sant\u00e9"},"content":{"rendered":"\n<p class=\"has-text-align-left has-medium-font-size\"><strong>Relier et partager mes diff\u00e9rentes passions \u00e9tait une \u00e9vidence<\/strong>.<\/p>\n\n\n\n<p class=\"has-text-align-center has-medium-font-size\"> Le bien-\u00eatre physique (par l&#8217;activit\u00e9 physique), le bien-\u00eatre mental ( par la sophrologie) et ressentir pleinement l&#8217;\u00e9motion (par l&#8217;aventure). <\/p>\n\n\n\n<p class=\"has-medium-font-size\">C&#8217;est \u00e0 la suite de mes sorties <a href=\"https:\/\/sophrosportlille.fr\/?page_id=1590\" data-type=\"URL\" data-id=\"https:\/\/sophrosportlille.fr\/?page_id=1590\">SO ACTIV&#8217;<\/a> sur la m\u00e9tropole lilloise, que m&#8217;est venu l&#8217;id\u00e9e de proposer ce concept d&#8217;escapades sophrologie et sport sant\u00e9. D&#8217;une dur\u00e9e plus longue, <strong>sous forme de week-end<\/strong> en bord de mer, en for\u00eat, dans une autre r\u00e9gion&#8230; Logement en g\u00eete, camping, h\u00f4tel&#8230; <strong>Une planification soign\u00e9e et qualitative <\/strong>avec un maximum de 6 participants.<\/p>\n\n\n\n<p class=\"has-medium-font-size\"><strong>Il y en a pour tous les go\u00fbts, toutes les envies <\/strong>(d\u00e9tente ou plus sportif)<strong>, et tous les budgets !<\/strong><\/p>\n\n\n\n<ul class=\"has-normal-font-size wp-block-list\"><li>L&#8217;escapade est \u00e0 r\u00e9server avec un acompte de 30%, remboursable jusque 15 jours avant le d\u00e9part. Pour toute annulation de votre part apr\u00e8s ce d\u00e9lai, aucun remboursement ne sera effectu\u00e9. Si annulation de ma part suite \u00e0 une cause exceptionnelle (condition sanitaire, moins de 2 participants &#8230;), un cr\u00e9dit du montant correspondant \u00e0 l&#8217;acompte sera r\u00e9alis\u00e9 sous forme de bon d&#8217;achat \/ carte cadeau \u00e9ligible \u00e0 l&#8217;ensemble de mes prestations. <\/li><li>Minimum de 2 participants pour que l&#8217;escapade soit maintenue.  <\/li><\/ul>\n\n\n\n<p class=\"has-medium-font-size\"><strong>Un onglet dans mes actualit\u00e9s est mis \u00e0 jour r\u00e9guli\u00e8rement avec les prochaines dates. Abonnez-vous via <a href=\"https:\/\/www.facebook.com\/sophrosportlille\/ad_center\/?refSource=pages_manager_bar\" data-type=\"URL\" data-id=\"https:\/\/www.facebook.com\/sophrosportlille\/ad_center\/?refSource=pages_manager_bar\">@sophrosportlille<\/a> pour ne louper aucun rendez-vous ! \ud83d\ude09<\/strong><\/p>\n\n\n\n<p><\/p>\n\n\n\n<p><\/p>\n","protected":false},"excerpt":{"rendered":"<p>Relier et partager mes diff\u00e9rentes passions \u00e9tait une \u00e9vidence. Le bien-\u00eatre physique (par l&#8217;activit\u00e9 physique), le bien-\u00eatre mental ( par la sophrologie) et ressentir pleinement l&#8217;\u00e9motion (par l&#8217;aventure). C&#8217;est \u00e0 &#8230;<\/p>\n","protected":false},"author":1,"featured_media":0,"parent":0,"menu_order":0,"comment_status":"closed","ping_status":"closed","template":"","meta":{"footnotes":""},"class_list":["post-1592","page","type-page","status-publish","hentry"],"_links":{"self":[{"href":"https:\/\/sophrosportlille.fr\/index.php?rest_route=\/wp\/v2\/pages\/1592","targetHints":{"allow":["GET"]}}],"collection":[{"href":"https:\/\/sophrosportlille.fr\/index.php?rest_route=\/wp\/v2\/pages"}],"about":[{"href":"https:\/\/sophrosportlille.fr\/index.php?rest_route=\/wp\/v2\/types\/page"}],"author":[{"embeddable":true,"href":"https:\/\/sophrosportlille.fr\/index.php?rest_route=\/wp\/v2\/users\/1"}],"replies":[{"embeddable":true,"href":"https:\/\/sophrosportlille.fr\/index.php?rest_route=%2Fwp%2Fv2%2Fcomments&post=1592"}],"version-history":[{"count":2,"href":"https:\/\/sophrosportlille.fr\/index.php?rest_route=\/wp\/v2\/pages\/1592\/revisions"}],"predecessor-version":[{"id":1680,"href":"https:\/\/sophrosportlille.fr\/index.php?rest_route=\/wp\/v2\/pages\/1592\/revisions\/1680"}],"wp:attachment":[{"href":"https:\/\/sophrosportlille.fr\/index.php?rest_route=%2Fwp%2Fv2%2Fmedia&parent=1592"}],"curies":[{"name":"wp","href":"https:\/\/api.w.org\/{rel}","templated":true}]}}