{"id":1590,"date":"2021-03-12T14:54:48","date_gmt":"2021-03-12T13:54:48","guid":{"rendered":"http:\/\/sophrosportlille.fr\/?page_id=1590"},"modified":"2021-05-28T02:16:52","modified_gmt":"2021-05-28T00:16:52","slug":"sorties-so-activ","status":"publish","type":"page","link":"https:\/\/sophrosportlille.fr\/?page_id=1590","title":{"rendered":"Sorties So Activ\u2019"},"content":{"rendered":"\n<p class=\"has-medium-font-size\">Le temps d&#8217;une matin\u00e9e, d&#8217;un apr\u00e8s-midi, sur la pause du midi ou entre deux rendez-vous. <\/p>\n\n\n\n<p class=\"has-text-align-center has-large-font-size\">Ressourcez-vous gr\u00e2ce \u00e0 la sophrologie et profitez pleinement des bienfaits de l&#8217;activit\u00e9 physique.<\/p>\n\n\n\n<p class=\"has-medium-font-size\">Ce rendez-vous est l&#8217;occasion de faire une pause dans votre quotidien, proche de chez vous ou de votre lieu de travail\u2026<\/p>\n\n\n\n<p class=\"has-normal-font-size\"><strong>Pour conna\u00eetre les prochaines dates ainsi que l&#8217;heure et le lieu, rendez-vous sur <a href=\"https:\/\/www.facebook.com\/sophrosportlille\/\">@sophrosportlille<\/a> ou mon site dans le fil d&#8217;actualit\u00e9.<\/strong><\/p>\n\n\n\n<p><\/p>\n","protected":false},"excerpt":{"rendered":"<p>Le temps d&#8217;une matin\u00e9e, d&#8217;un apr\u00e8s-midi, sur la pause du midi ou entre deux rendez-vous. Ressourcez-vous gr\u00e2ce \u00e0 la sophrologie et profitez pleinement des bienfaits de l&#8217;activit\u00e9 physique. Ce rendez-vous &#8230;<\/p>\n","protected":false},"author":1,"featured_media":0,"parent":1511,"menu_order":0,"comment_status":"closed","ping_status":"closed","template":"","meta":{"footnotes":""},"class_list":["post-1590","page","type-page","status-publish","hentry"],"_links":{"self":[{"href":"https:\/\/sophrosportlille.fr\/index.php?rest_route=\/wp\/v2\/pages\/1590","targetHints":{"allow":["GET"]}}],"collection":[{"href":"https:\/\/sophrosportlille.fr\/index.php?rest_route=\/wp\/v2\/pages"}],"about":[{"href":"https:\/\/sophrosportlille.fr\/index.php?rest_route=\/wp\/v2\/types\/page"}],"author":[{"embeddable":true,"href":"https:\/\/sophrosportlille.fr\/index.php?rest_route=\/wp\/v2\/users\/1"}],"replies":[{"embeddable":true,"href":"https:\/\/sophrosportlille.fr\/index.php?rest_route=%2Fwp%2Fv2%2Fcomments&post=1590"}],"version-history":[{"count":3,"href":"https:\/\/sophrosportlille.fr\/index.php?rest_route=\/wp\/v2\/pages\/1590\/revisions"}],"predecessor-version":[{"id":1682,"href":"https:\/\/sophrosportlille.fr\/index.php?rest_route=\/wp\/v2\/pages\/1590\/revisions\/1682"}],"up":[{"embeddable":true,"href":"https:\/\/sophrosportlille.fr\/index.php?rest_route=\/wp\/v2\/pages\/1511"}],"wp:attachment":[{"href":"https:\/\/sophrosportlille.fr\/index.php?rest_route=%2Fwp%2Fv2%2Fmedia&parent=1590"}],"curies":[{"name":"wp","href":"https:\/\/api.w.org\/{rel}","templated":true}]}}