{"id":1560,"date":"2021-03-04T19:29:09","date_gmt":"2021-03-04T18:29:09","guid":{"rendered":"http:\/\/sophrosportlille.fr\/?page_id=1560"},"modified":"2021-03-04T19:29:09","modified_gmt":"2021-03-04T18:29:09","slug":"activite-physique-et-grossesse","status":"publish","type":"page","link":"https:\/\/sophrosportlille.fr\/?page_id=1560","title":{"rendered":"Activit\u00e9 physique et grossesse"},"content":{"rendered":"\n<p id=\"viewer-foo\" style=\"font-size:30px\">Vous \u00eates enceinte ? Pensez \u00e0 l\u2019activit\u00e9 physique !<\/p>\n\n\n\n<p class=\"has-text-align-center has-medium-font-size\"><strong> Plusieurs femmes actives avant la grossesse souhaitent poursuivre leur entra\u00eenement pendant qu\u2019elles sont enceintes. Celles qui faisaient peu d\u2019activit\u00e9 physique auparavant souhaitent souvent devenir plus actives afin de vivre une grossesse en sant\u00e9, pour elle et leur b\u00e9b\u00e9 \u00e0 na\u00eetre<\/strong>.<\/p>\n\n\n\n<p class=\"has-medium-font-size\">Ses avantages sont multiples avec un b\u00e9n\u00e9fice pour le c\u0153ur, pour le poids, pour favoriser le transit, pour tranquilliser l\u2019esprit, pr\u00e9venir les risques de diab\u00e8te gestationnel, de pr\u00e9-\u00e9clampsie, de douleurs dorsales et pelviennes\u2026&nbsp;<\/p>\n\n\n\n<p class=\"has-text-align-center has-white-color has-text-color has-background has-medium-font-size\" id=\"viewer-3njd0\" style=\"background-color:#f5c09b\"><strong>Pratiquer une activit\u00e9 physique durant la grossesse n\u2019est pas d\u00e9conseill\u00e9, au contraire, c\u2019est b\u00e9n\u00e9fique pour votre sant\u00e9 et celle de votre b\u00e9b\u00e9.<\/strong><\/p>\n\n\n\n<p class=\"has-medium-font-size\">En revanche,<strong> le sport ne doit pas \u00eatre pratiqu\u00e9 dans une optique de performance <\/strong>mais seulement d\u2019entretien, et ce, y compris si vous \u00eates une grande sportive en dehors de la grossesse!<\/p>\n\n\n\n<div class=\"wp-block-image\"><figure class=\"aligncenter size-large is-resized\"><img loading=\"lazy\" decoding=\"async\" src=\"http:\/\/sophrosportlille.fr\/wp-content\/uploads\/2021\/03\/smiley-femme-enceinte-tenant-bouteille-eau-tapis_23-2148761274.jpg\" alt=\"\" class=\"wp-image-1561\" width=\"405\" height=\"538\" srcset=\"https:\/\/sophrosportlille.fr\/wp-content\/uploads\/2021\/03\/smiley-femme-enceinte-tenant-bouteille-eau-tapis_23-2148761274.jpg 471w, https:\/\/sophrosportlille.fr\/wp-content\/uploads\/2021\/03\/smiley-femme-enceinte-tenant-bouteille-eau-tapis_23-2148761274-226x300.jpg 226w\" sizes=\"auto, (max-width: 405px) 100vw, 405px\" \/><\/figure><\/div>\n\n\n\n<p><\/p>\n\n\n\n<p class=\"has-medium-font-size\" id=\"viewer-o1cj\">Je vous propose un suivi en cabinet ou \u00e0 domicile au cours duquel je vous accompagne dans une pratique visant la recherche de b\u00e9n\u00e9fices sur la sant\u00e9 et de bien-\u00eatre et tenant compte des sp\u00e9cificit\u00e9s de la grossesse:<\/p>\n\n\n\n<ul class=\"wp-block-list\"><li><strong>Travail en douceur pour limiter l&#8217;essoufflement<\/strong><\/li><li><strong>Attention particuli\u00e8re port\u00e9e \u00e0 la posture lors des exercices<\/strong> (pas de sol \u00e0 partir de 14SA)<\/li><li><strong>Veille \u00e0 une bonne hydratation<\/strong><\/li><li>Prise de conscience de l&#8217;importance de <strong>pr\u00e9server son p\u00e9rin\u00e9e lors d&#8217;un effort physique<\/strong><\/li><li><strong>Dur\u00e9e de la s\u00e9ance adapt\u00e9e (<\/strong> 30-40 minutes semblent suffisantes)<\/li><li><strong>Intensit\u00e9 et fr\u00e9quence modul\u00e9es<\/strong> en fonction de votre trimestre<\/li><li><strong>S\u00e9ance 100% adapt\u00e9e<\/strong>: aucune prise de risque pour vous et le f\u0153tus lors de la pratique !<\/li><\/ul>\n\n\n\n<p class=\"has-medium-font-size\" id=\"viewer-cb2t1\">Tout cela en <strong>s\u00e9ance individuelle ou en mini-groupe<\/strong> (maximum 4 personnes) pour garantir une pratique en toute s\u00e9curit\u00e9 et une \u00e9coute optimale de chacune. <\/p>\n\n\n\n<p><\/p>\n\n\n\n<p class=\"has-text-align-center has-text-color has-medium-font-size\" id=\"viewer-cb2t1\" style=\"color:#f5c09b\"><strong>Les + : <em>La pratique se fait dans une salle climatis\u00e9e et si le temps le permet, un espace de d\u00e9tente et de pratique ext\u00e9rieure est am\u00e9nag\u00e9 sur le toit du cabinet !<\/em><\/strong><\/p>\n\n\n\n<p>_____________<\/p>\n\n\n\n<p class=\"has-medium-font-size\" id=\"viewer-1o5ck\">Si vous souhaitez pratiquez, faites le point avec votre sage-femme ou autre professionnel de sant\u00e9 qui suit votre grossesse au pr\u00e9alable. Dans de rares cas, l&#8217;activit\u00e9 physique peut n\u00e9cessiter une surveillance particuli\u00e8re, voire \u00eatre formellement contre-indiqu\u00e9e (tr\u00e8s rare).<\/p>\n\n\n\n<p class=\"has-text-align-center has-text-color has-medium-font-size\" id=\"viewer-b7j72\" style=\"color:#f0a570\">T\u00e9l\u00e9chargez <a href=\"https:\/\/222900f1-b676-41db-b0b8-3e09460466cd.filesusr.com\/ugd\/3ada95_5eb9748a1b8142e699a44cc33809be07.pdf\">ici le certificat m\u00e9dical<\/a> \u00e0 faire remplir par votre m\u00e9decin.<\/p>\n\n\n\n<p>_____________<\/p>\n\n\n\n<p class=\"has-medium-font-size\" id=\"viewer-3sadu\">La s\u00e9ance en individuelle est aussi propos\u00e9e \u00e0 domicile avec possibilit\u00e9 de r\u00e8glement en CESU. <a href=\"https:\/\/sophrosportlille.fr\/?page_id=1451\">En savoir plus<\/a><\/p>\n\n\n\n<p class=\"has-medium-font-size\" id=\"viewer-3sadu\">Pour vous inscrire aux s\u00e9ances programm\u00e9es au cabinet (<a href=\"https:\/\/www.google.com\/maps\/dir\/\/Sophrologue+et+Sport+sant%C3%A9+-+Emeline+R%C3%A9gnier,+55+Rue+de+la+Pr%C3%A9vot%C3%A9,+59840+P%C3%A9renchies\/@50.6698481,2.9713924,13z\/data=!4m9!4m8!1m0!1m5!1m1!1s0x47dcd5f249e7d693:0x8e49ba4a8b57ea66!2m2!1d2.9712427!2d50.6697845!3e0\">Espace sant\u00e9 P\u00e9renchies<\/a>), ou pour toute annulation, contactez-moi <strong>par mail ou t\u00e9l\u00e9phone (au plus tard 24h avant la s\u00e9ance). <\/strong><\/p>\n\n\n\n<p>_____________<\/p>\n\n\n\n<p class=\"has-text-align-center has-medium-font-size\" id=\"viewer-3sadu\">Retrouvez toutes les informations des <u>s\u00e9ances d&#8217;activit\u00e9 physique adapt\u00e9e (APA) sp\u00e9cifiques pour les femmes enceintes<\/u> juste ici: <a href=\"http:\/\/sophrosportlille.fr\/?page_id=1566\">Mini groupe APA &amp; Grossesse.<\/a><\/p>\n\n\n\n<p><\/p>\n","protected":false},"excerpt":{"rendered":"<p>Activit\u00e9 physique et grossesse<\/p>\n","protected":false},"author":1,"featured_media":0,"parent":24,"menu_order":-18,"comment_status":"closed","ping_status":"closed","template":"","meta":{"footnotes":""},"class_list":["post-1560","page","type-page","status-publish","hentry"],"_links":{"self":[{"href":"https:\/\/sophrosportlille.fr\/index.php?rest_route=\/wp\/v2\/pages\/1560","targetHints":{"allow":["GET"]}}],"collection":[{"href":"https:\/\/sophrosportlille.fr\/index.php?rest_route=\/wp\/v2\/pages"}],"about":[{"href":"https:\/\/sophrosportlille.fr\/index.php?rest_route=\/wp\/v2\/types\/page"}],"author":[{"embeddable":true,"href":"https:\/\/sophrosportlille.fr\/index.php?rest_route=\/wp\/v2\/users\/1"}],"replies":[{"embeddable":true,"href":"https:\/\/sophrosportlille.fr\/index.php?rest_route=%2Fwp%2Fv2%2Fcomments&post=1560"}],"version-history":[{"count":8,"href":"https:\/\/sophrosportlille.fr\/index.php?rest_route=\/wp\/v2\/pages\/1560\/revisions"}],"predecessor-version":[{"id":1571,"href":"https:\/\/sophrosportlille.fr\/index.php?rest_route=\/wp\/v2\/pages\/1560\/revisions\/1571"}],"up":[{"embeddable":true,"href":"https:\/\/sophrosportlille.fr\/index.php?rest_route=\/wp\/v2\/pages\/24"}],"wp:attachment":[{"href":"https:\/\/sophrosportlille.fr\/index.php?rest_route=%2Fwp%2Fv2%2Fmedia&parent=1560"}],"curies":[{"name":"wp","href":"https:\/\/api.w.org\/{rel}","templated":true}]}}