{"id":1541,"date":"2021-03-02T20:18:28","date_gmt":"2021-03-02T19:18:28","guid":{"rendered":"http:\/\/sophrosportlille.fr\/?page_id=1541"},"modified":"2021-03-04T19:31:05","modified_gmt":"2021-03-04T18:31:05","slug":"les-activites-proposees","status":"publish","type":"page","link":"https:\/\/sophrosportlille.fr\/?page_id=1541","title":{"rendered":"Les activit\u00e9s propos\u00e9es"},"content":{"rendered":"\n<p class=\"has-text-align-center has-text-color has-medium-font-size\" style=\"color:#f09d62\"><em>Ma mission est avant tout de rendre accessible l\u2019activit\u00e9 que vous souhaitez pratiquer en l\u2019adaptant \u00e0 vos capacit\u00e9s. Ainsi, il n\u2019y a pas de liste exhaustive des APA propos\u00e9es. C\u2019est \u00e0 la suite de votre bilan de condition physique et de l\u2019\u00e9tude de votre projet individuel que nous d\u00e9finirons ensemble quelles activit\u00e9s vous conviennent. <\/em><\/p>\n\n\n\n<p class=\"has-normal-font-size\">Je conseille souvent d&#8217;opter pour un accompagnement complet, qui comprend des s\u00e9ances d&#8217;activit\u00e9s d&#8217;endurance, de renforcement musculaire, de souplesse\/\u00e9tirement ainsi que des s\u00e9ances de d\u00e9tente et bien-\u00eatre. Cependant, la programmation finale de l&#8217;accompagnement est personnalis\u00e9e avec une fr\u00e9quence de pratique et des s\u00e9ances comprenant des exercices adapt\u00e9s \u00e9labor\u00e9s en fonction de vos envies, vos besoins et vos capacit\u00e9s, vous permettant de progresser en toute s\u00e9curit\u00e9 vers VOTRE objectif personnel. <\/p>\n\n\n\n<p>_____________<\/p>\n\n\n\n<h3 class=\"has-medium-font-size wp-block-heading\"><strong><em>Voici toutefois une liste non exhaustive des activit\u00e9s que je vous propose:<\/em><\/strong><\/h3>\n\n\n\n<p><\/p>\n\n\n\n<div class=\"wp-block-columns is-layout-flex wp-container-core-columns-is-layout-9d6595d7 wp-block-columns-is-layout-flex\">\n<div class=\"wp-block-column is-layout-flow wp-block-column-is-layout-flow\">\n<p class=\"has-text-align-center has-text-color has-normal-font-size\" style=\"color:#f37f40\"><strong>Au cabinet ou \u00e0 domicile (1 \u00e0 4pers.)<\/strong><\/p>\n\n\n\n<ul class=\"has-white-color has-text-color has-background wp-block-list\" style=\"background:linear-gradient(90deg,rgb(243,127,64) 0%,rgba(241,190,157,0.94) 100%)\"><li><strong>Renforcement musculaire (avec ou sans petit mat\u00e9riel fourni lors de la s\u00e9ance)<\/strong><\/li><li><strong>Travail de souplesse, coordination, m\u00e9morisation&#8230;<\/strong><\/li><li><strong>Gym douce type stretching avec \u00e9tirement doux associ\u00e9s \u00e0 une relaxation (d\u00e9tente corps et mental)<\/strong><\/li><li><strong>M\u00e9ditation pleine conscience, auto-massage<\/strong><\/li><li><strong>APA personnalis\u00e9e<\/strong> *<\/li><\/ul>\n\n\n\n<p><\/p>\n<\/div>\n\n\n\n<div class=\"wp-block-column is-layout-flow wp-block-column-is-layout-flow\">\n<p class=\"has-text-align-center has-text-color has-normal-font-size\" style=\"color:#0071a1\"><strong>Plateau kin\u00e9 et baln\u00e9o ( max 2pers.)<\/strong><\/p>\n\n\n\n<ul class=\"has-white-color has-text-color has-background wp-block-list\" style=\"background:linear-gradient(135deg,rgb(0,113,161) 0%,rgba(0,65,163,0.47) 74%)\"><li><strong>Tapis de marche <\/strong><\/li><li><strong>Ergocycle\/V\u00e9lo<\/strong><\/li><li><strong>Renforcement musculaire sur appareils<\/strong><\/li><li><strong>Circuit training<\/strong><\/li><li><strong>Aquagym <\/strong><\/li><li><strong>Aquafitness <\/strong><\/li><\/ul>\n\n\n\n<p> <\/p>\n\n\n\n<p><\/p>\n<\/div>\n\n\n\n<div class=\"wp-block-column is-layout-flow wp-block-column-is-layout-flow\">\n<p class=\"has-text-align-center has-text-color has-normal-font-size\" style=\"color:#06a46a\"><strong>En ext\u00e9rieur<\/strong> <strong>(individuel ou en groupe)<\/strong><\/p>\n\n\n\n<ul class=\"has-white-color has-text-color has-background wp-block-list\" style=\"background:linear-gradient(135deg,rgba(179,222,110,0.66) 0%,rgb(6,164,106) 100%)\"><li><strong>Marche ou randonn\u00e9e<\/strong><\/li><li><strong>Marche nordique <\/strong><\/li><li><strong>Jogging\/ Course \u00e0 pied<\/strong><\/li><li><strong>Gym douce et\/ou renforcement musculaire<\/strong><\/li><li><strong>Sophro-rando (alternance entre randonn\u00e9e et pratique d&#8217;exercice de sophrologie) <\/strong><\/li><li><strong>Relaxation et m\u00e9ditation pleine conscience. <\/strong><\/li><li><strong>APA personnalis\u00e9e *<\/strong><\/li><\/ul>\n<\/div>\n<\/div>\n\n\n\n<p>* <em>N\u2019h\u00e9sitez pas \u00e0 me contacter en cas de souhait d\u2019une activit\u00e9 autre que celles mentionn\u00e9es, ou si vous souhaitez \u00e9changer au sujet de votre objectif. Cet \u00e9change me permettra de vous confirmer la possibilit\u00e9 de vous accompagner efficacement , ou si cela requiert les comp\u00e9tences d\u2019un autre professionnel de sant\u00e9.<\/em><\/p>\n\n\n\n<p><strong>NB:<\/strong> <strong>Pensez \u00e0 prendre une bouteille d\u2019eau ainsi qu\u2019une serviette lors de votre s\u00e9ance.<\/strong><\/p>\n\n\n\n<p><\/p>\n\n\n\n<p class=\"has-text-align-center\">&#8211; Je suis \u00e0 l&#8217;\u00e9coute de toute demande d&#8217;intervention au sein d&#8217;\u00e9tablissement sp\u00e9cialis\u00e9 mais \u00e9galement aupr\u00e8s des collectivit\u00e9s. Suite \u00e0 notre entretien, un devis vous sera remis sous 1semaine maximum. &#8211;<\/p>\n","protected":false},"excerpt":{"rendered":"<p>Quelles sont les activit\u00e9s propos\u00e9es au cabinet ?<\/p>\n","protected":false},"author":1,"featured_media":0,"parent":24,"menu_order":2,"comment_status":"closed","ping_status":"closed","template":"","meta":{"footnotes":""},"class_list":["post-1541","page","type-page","status-publish","hentry"],"_links":{"self":[{"href":"https:\/\/sophrosportlille.fr\/index.php?rest_route=\/wp\/v2\/pages\/1541","targetHints":{"allow":["GET"]}}],"collection":[{"href":"https:\/\/sophrosportlille.fr\/index.php?rest_route=\/wp\/v2\/pages"}],"about":[{"href":"https:\/\/sophrosportlille.fr\/index.php?rest_route=\/wp\/v2\/types\/page"}],"author":[{"embeddable":true,"href":"https:\/\/sophrosportlille.fr\/index.php?rest_route=\/wp\/v2\/users\/1"}],"replies":[{"embeddable":true,"href":"https:\/\/sophrosportlille.fr\/index.php?rest_route=%2Fwp%2Fv2%2Fcomments&post=1541"}],"version-history":[{"count":12,"href":"https:\/\/sophrosportlille.fr\/index.php?rest_route=\/wp\/v2\/pages\/1541\/revisions"}],"predecessor-version":[{"id":1553,"href":"https:\/\/sophrosportlille.fr\/index.php?rest_route=\/wp\/v2\/pages\/1541\/revisions\/1553"}],"up":[{"embeddable":true,"href":"https:\/\/sophrosportlille.fr\/index.php?rest_route=\/wp\/v2\/pages\/24"}],"wp:attachment":[{"href":"https:\/\/sophrosportlille.fr\/index.php?rest_route=%2Fwp%2Fv2%2Fmedia&parent=1541"}],"curies":[{"name":"wp","href":"https:\/\/api.w.org\/{rel}","templated":true}]}}