{"id":1511,"date":"2021-02-28T20:07:47","date_gmt":"2021-02-28T19:07:47","guid":{"rendered":"http:\/\/sophrosportlille.fr\/?page_id=1511"},"modified":"2021-03-13T13:41:11","modified_gmt":"2021-03-13T12:41:11","slug":"loisir-et-decouverte","status":"publish","type":"page","link":"https:\/\/sophrosportlille.fr\/?page_id=1511","title":{"rendered":"LOISIR ET D\u00c9COUVERTE"},"content":{"rendered":"\n<h2 class=\"has-text-align-center has-white-color has-text-color has-background wp-block-heading\" style=\"background-color:#fa95ae;font-size:28px\"><em>Sophrologie et activit\u00e9 physique <\/em><\/h2>\n\n\n\n<p class=\"has-normal-font-size\">Parce que le mouvement et l&#8217;oxyg\u00e8ne sont deux composants essentiels \u00e0 notre vie, \u00e0 notre \u00e9quilibre, \u00e0 notre sant\u00e9 physique, \u00e9motionnelle et mentale; Venez vous ressourcez au cours d&#8217;une randonn\u00e9e en pleine nature, au bord de la mer ou en for\u00eat&#8230; Accordez-vous une pause dans votre quotidien, proche de chez vous ou de votre lieu de travail&#8230; Ces \u00e9v\u00e8nements ludiques sont accessibles \u00e0 tous et vous permettent de prendre du temps pour VOUS et votre sant\u00e9. <\/p>\n\n\n\n<p class=\"has-normal-font-size\"><strong>Profitez pleinement des bienfaits de l&#8217;activit\u00e9 physique et reconnectez-vous \u00e0 VOTRE ESSENTIEL gr\u00e2ce \u00e0 la sophrologie<\/strong>.<\/p>\n\n\n\n<div class=\"wp-block-columns is-layout-flex wp-container-core-columns-is-layout-9d6595d7 wp-block-columns-is-layout-flex\">\n<div class=\"wp-block-column is-layout-flow wp-block-column-is-layout-flow\" style=\"flex-basis:50%\">\n<p class=\"has-text-align-center has-text-color has-medium-font-size\" style=\"color:#fa95ae\"><a href=\"https:\/\/sophrosportlille.fr\/?page_id=1590\">|<strong>Sorties So Activ&#8217;<\/strong> |<\/a><\/p>\n<\/div>\n\n\n\n<div class=\"wp-block-column is-layout-flow wp-block-column-is-layout-flow\" style=\"flex-basis:50%\">\n<p class=\"has-text-align-center has-text-color has-medium-font-size\" style=\"color:#fa95ae\"><a href=\"https:\/\/sophrosportlille.fr\/?page_id=1592\">|<strong>Escapades Sophrologie et sport sant\u00e9<\/strong>|<\/a><\/p>\n<\/div>\n<\/div>\n\n\n\n<p>_______________<\/p>\n\n\n\n<h2 class=\"has-text-align-center has-white-color has-text-color has-background wp-block-heading\" style=\"background-color:#cf9efc;font-size:28px\"><em>\u00c9v\u00e8nementiel, EVJF, EVG, anniversaire\u2026<\/em><\/h2>\n\n\n\n<p class=\"has-normal-font-size\">Partagez une s\u00e9ance de sophrologie et\/ou d&#8217;activit\u00e9 physique douce compl\u00e8tement in\u00e9dite et assur\u00e9e par une professionnelle ! Ax\u00e9e sur la d\u00e9tente, le bien-\u00eatre et surtout la d\u00e9couverte et l&#8217;\u00e9coute de soi&#8230; <\/p>\n\n\n\n<p class=\"has-normal-font-size\"><strong>Faites le plein d&#8217;\u00e9nergies positives et partagez ce moment de convivialit\u00e9 et bonne humeur avec vos ami(e)s, vos proches&#8230; <\/strong><\/p>\n\n\n\n<p class=\"has-text-align-center has-text-color has-medium-font-size\" style=\"color:#cf9efc\"><a href=\"https:\/\/sophrosportlille.fr\/?page_id=1594\">|<strong> JE D\u00c9COUVRE<\/strong>|<\/a><\/p>\n\n\n\n<p>_______________<\/p>\n\n\n\n<h2 class=\"has-text-align-center has-white-color has-text-color has-background wp-block-heading\" style=\"background-color:#98d0f3;font-size:28px\"><em>Initiation, challenge, d\u00e9passement de soi\u2026<\/em><\/h2>\n\n\n\n<p class=\"has-normal-font-size\">Vous avez une id\u00e9e de projet en particulier mais que vous n\u2019osez pas vous lancer et\/ou que vous avez besoin d\u2019un accompagnement pour les pr\u00e9paratifs (pr\u00e9paration mentale, physique, logistique\u2026)? Vous souhaitez vous pr\u00e9parer et relever un d\u00e9fi sportif personnel ? Vous n&#8217;arrivez pas \u00e0 rester motiver et \u00e0 atteindre votre objectif?<\/p>\n\n\n\n<p class=\"has-normal-font-size\"><strong>Voici mon <a href=\"https:\/\/www.la-gtmc.com\/ils-l-ont-fait\/vos-temoignages\/la-gtmc-en-bikepacking-avec-emeline?fbclid=IwAR08f4CqIJLv2bf5yxFs-hp7HR03OG7qwSa_XjKiK1nqSeqnawizlVJXLZI\">t\u00e9moignage pour la GTMC officielle sur mon exp\u00e9rience en bikepacking \u00e9t\u00e9 2020<\/a>. En esp\u00e9rant que cela donne envie \u00e0 certain(e)s d&#8217;oser l&#8217;aventure !<\/strong> <strong>Alors<\/strong>, <strong>c&#8217;est parti ?! <\/strong><\/p>\n\n\n\n<div class=\"wp-block-columns is-layout-flex wp-container-core-columns-is-layout-9d6595d7 wp-block-columns-is-layout-flex\">\n<div class=\"wp-block-column is-layout-flow wp-block-column-is-layout-flow\" style=\"flex-basis:33.33%\">\n<p class=\"has-text-color has-medium-font-size\" style=\"color:#98d0f3\"><strong><a href=\"https:\/\/sophrosportlille.fr\/?page_id=1596\">Course \u00e0 pied<\/a><\/strong><\/p>\n<\/div>\n\n\n\n<div class=\"wp-block-column is-layout-flow wp-block-column-is-layout-flow\" style=\"flex-basis:33.33%\">\n<p class=\"has-text-color has-medium-font-size\" style=\"color:#98d0f3\"><strong><a href=\"https:\/\/sophrosportlille.fr\/?page_id=1596\">Cyclisme sur route, VTT<\/a><\/strong><\/p>\n<\/div>\n\n\n\n<div class=\"wp-block-column is-layout-flow wp-block-column-is-layout-flow\" style=\"flex-basis:33.33%\">\n<p class=\"has-text-color has-medium-font-size\" style=\"color:#98d0f3\"><strong><a href=\"https:\/\/sophrosportlille.fr\/?page_id=1596\">Excursions de 2 \u00e0 4 jours<\/a><\/strong><\/p>\n<\/div>\n<\/div>\n\n\n\n<p>_______________<\/p>\n\n\n\n<p class=\"has-text-align-center has-normal-font-size\"><strong>Sentez-vous libre de prendre contact pour toutes informations compl\u00e9mentaires, demandes personnalis\u00e9es, devis&#8230; Nous en discuterons ensemble de vive voix lors d\u2019un premier entretien (physique ou t\u00e9l\u00e9phonique) totalement gratuit.<\/strong><\/p>\n\n\n\n<p><\/p>\n","protected":false},"excerpt":{"rendered":"<p>Sophro-rando ; Escapade \u00ab sophrologie et sport sant\u00e9 \u00bb ; \u00c9v\u00e8nementiel: EVJF, anniversaire &#8230;<br \/>\nInitiation, challenge, d\u00e9passement de soi&#8230;<\/p>\n","protected":false},"author":1,"featured_media":0,"parent":0,"menu_order":0,"comment_status":"closed","ping_status":"closed","template":"","meta":{"footnotes":""},"class_list":["post-1511","page","type-page","status-publish","hentry"],"_links":{"self":[{"href":"https:\/\/sophrosportlille.fr\/index.php?rest_route=\/wp\/v2\/pages\/1511","targetHints":{"allow":["GET"]}}],"collection":[{"href":"https:\/\/sophrosportlille.fr\/index.php?rest_route=\/wp\/v2\/pages"}],"about":[{"href":"https:\/\/sophrosportlille.fr\/index.php?rest_route=\/wp\/v2\/types\/page"}],"author":[{"embeddable":true,"href":"https:\/\/sophrosportlille.fr\/index.php?rest_route=\/wp\/v2\/users\/1"}],"replies":[{"embeddable":true,"href":"https:\/\/sophrosportlille.fr\/index.php?rest_route=%2Fwp%2Fv2%2Fcomments&post=1511"}],"version-history":[{"count":7,"href":"https:\/\/sophrosportlille.fr\/index.php?rest_route=\/wp\/v2\/pages\/1511\/revisions"}],"predecessor-version":[{"id":1625,"href":"https:\/\/sophrosportlille.fr\/index.php?rest_route=\/wp\/v2\/pages\/1511\/revisions\/1625"}],"wp:attachment":[{"href":"https:\/\/sophrosportlille.fr\/index.php?rest_route=%2Fwp%2Fv2%2Fmedia&parent=1511"}],"curies":[{"name":"wp","href":"https:\/\/api.w.org\/{rel}","templated":true}]}}