{"id":1451,"date":"2021-01-27T20:22:18","date_gmt":"2021-01-27T19:22:18","guid":{"rendered":"http:\/\/sophrosportlille.fr\/?page_id=1451"},"modified":"2021-05-28T00:09:08","modified_gmt":"2021-05-27T22:09:08","slug":"tarifs-activite-physique-adaptee","status":"publish","type":"page","link":"https:\/\/sophrosportlille.fr\/?page_id=1451","title":{"rendered":"Tarifs &#8211; Activit\u00e9 physique adapt\u00e9e"},"content":{"rendered":"\n<p class=\"has-normal-font-size\"><strong>Tous les tarifs sont indiqu\u00e9s par personne par s\u00e9ance (dur\u00e9e env. 1heure)<\/strong><\/p>\n\n\n\n<p class=\"has-text-align-left has-medium-font-size\"><strong>A l&#8217;Espace Sant\u00e9 ou en&nbsp;ext\u00e9rieur<\/strong> :<\/p>\n\n\n\n<figure class=\"wp-block-table\"><table><tbody><tr><td><strong>S\u00e9ance individuelle<\/strong><\/td><td class=\"has-text-align-center\" data-align=\"center\">&nbsp; &nbsp; &nbsp; &nbsp; &nbsp; &nbsp; <strong>&nbsp; &nbsp;35\u20ac<\/strong>&nbsp; &nbsp; &nbsp; &nbsp; &nbsp; &nbsp; &nbsp; &nbsp;<\/td><\/tr><tr><td><strong>Forfait de 5 s\u00e9ances<\/strong> <strong>individuelles <\/strong><\/td><td class=\"has-text-align-center\" data-align=\"center\"><strong>150\u20ac au lieu de 175\u20ac<\/strong><\/td><\/tr><\/tbody><\/table><\/figure>\n\n\n\n<p class=\"has-text-align-center has-normal-font-size\"><strong>En int\u00e9rieur \u00e0 l&#8217;Espace Sant\u00e9<\/strong><\/p>\n\n\n\n<figure class=\"wp-block-table\"><table><tbody><tr><td>&nbsp;<\/td><td>&nbsp; &nbsp; &nbsp;<strong> En bin\u00f4me &nbsp;<\/strong><\/td><td><strong>&nbsp; &nbsp; &nbsp; Mini groupe (3 \u00e0 4 pers)  &nbsp;<\/strong><\/td><\/tr><tr><td><strong>1 s\u00e9ance<\/strong><\/td><td>&nbsp;30\u20ac\/pers<\/td><td>&nbsp; &nbsp; &nbsp; &nbsp;20\u20ac&nbsp; &nbsp; &nbsp; &nbsp;&nbsp;<\/td><\/tr><tr><td><strong>5 s\u00e9ances et +<\/strong><\/td><td>&nbsp;28\u20ac\/pers<\/td><td>&nbsp; &nbsp; &nbsp; &nbsp;18\u20ac&nbsp; &nbsp; &nbsp; &nbsp;&nbsp;<\/td><\/tr><\/tbody><\/table><\/figure>\n\n\n\n<p class=\"has-text-align-center has-normal-font-size\"><strong>En ext\u00e9rieur<\/strong><\/p>\n\n\n\n<figure class=\"wp-block-table\"><table><tbody><tr><td>&nbsp;<\/td><td><strong>&nbsp; &nbsp; &nbsp; En bin\u00f4me <\/strong><\/td><td><strong>&nbsp; &nbsp; &nbsp; Mini groupe (3 \u00e0 4 pers.) <\/strong><\/td><td><strong>Groupe (max 8 pers.) <\/strong><\/td><td><strong>Grand groupe ( 8 \u00e0 12 pers.) <\/strong><\/td><\/tr><tr><td><strong>1 s\u00e9ance<\/strong><\/td><td>&nbsp;30\u20ac\/pers<\/td><td>&nbsp; &nbsp; &nbsp; &nbsp;20\u20ac&nbsp; &nbsp; &nbsp; &nbsp;&nbsp;<\/td><td>15\u20ac <\/td><td>12\u20ac <\/td><\/tr><tr><td><strong>5 s\u00e9ances et +<\/strong><\/td><td>&nbsp;28\u20ac\/pers<\/td><td>&nbsp; &nbsp; &nbsp; &nbsp;18\u20ac&nbsp; &nbsp; &nbsp; &nbsp;&nbsp;<\/td><td>13\u20ac<\/td><td>10\u20ac<\/td><\/tr><\/tbody><\/table><\/figure>\n\n\n\n<p class=\"has-text-align-left has-medium-font-size\"><strong>A domicile<\/strong> (Dans un rayon de 15 km autour de P\u00e9renchies)<\/p>\n\n\n\n<figure class=\"wp-block-table\"><table><tbody><tr><td><strong>R\u00e8glement par CESU*<\/strong> <br>(Avantage fiscal et exon\u00e9ration +70ans, AEEH, invalidit\u00e9 80%, recours tierce personne, prestation compensation du handicap, prestation compensation du handicap enfant, allocation personnalis\u00e9e d&#8217;autonomie (APA))<\/td><td class=\"has-text-align-center\" data-align=\"center\">50\u20ac\/net<strong>&nbsp;<\/strong><br>(Co\u00fbt r\u00e9el jusqu&#8217;\u00e0 -50%) &nbsp; &nbsp;<\/td><\/tr><tr><td><strong>R\u00e8glement hors CESU<\/strong><\/td><td class=\"has-text-align-center\" data-align=\"center\">40\u20ac en individuel<\/td><\/tr><\/tbody><\/table><\/figure>\n\n\n\n<p class=\"has-normal-font-size\">*Pour en savoir plus sur le Ch\u00e8que Emploi Service Universel: <a href=\"https:\/\/www.cesu.urssaf.fr\/info\/accueil\/s-informer-sur-le-cesu\/tout-savoir\/c-est-quoi-pour-qui.html\" target=\"_blank\" rel=\"noreferrer noopener\">Cliquez ici<\/a><\/p>\n\n\n\n<p>_____________ <\/p>\n\n\n\n<p class=\"has-medium-font-size\"><strong>Intervention en entreprise\/ \u00e9tablissement sp\u00e9cialis\u00e9 ou scolaire\/ institut&#8230; <\/strong><\/p>\n\n\n\n<p class=\"has-normal-font-size\">Tarif sur devis.<\/p>\n\n\n\n<p>_____________<\/p>\n\n\n\n<p><\/p>\n\n\n\n<p class=\"has-normal-font-size\"><strong>Dans le cas de difficult\u00e9s financi\u00e8res, n&#8217;h\u00e9sitez surtout pas \u00e0 prendre contact.<\/strong><br>Nous \u00e9tudions la possibilit\u00e9 de financement ensemble.<br><\/p>\n","protected":false},"excerpt":{"rendered":"<p>Tous les tarifs sont indiqu\u00e9s par personne par s\u00e9ance (dur\u00e9e env. 1heure) A l&#8217;Espace Sant\u00e9 ou en&nbsp;ext\u00e9rieur : S\u00e9ance individuelle &nbsp; &nbsp; &nbsp; &nbsp; &nbsp; &nbsp; &nbsp; &nbsp;35\u20ac&nbsp; &nbsp; &nbsp; &#8230;<\/p>\n","protected":false},"author":1,"featured_media":0,"parent":0,"menu_order":0,"comment_status":"closed","ping_status":"closed","template":"","meta":{"footnotes":""},"class_list":["post-1451","page","type-page","status-publish","hentry"],"_links":{"self":[{"href":"https:\/\/sophrosportlille.fr\/index.php?rest_route=\/wp\/v2\/pages\/1451","targetHints":{"allow":["GET"]}}],"collection":[{"href":"https:\/\/sophrosportlille.fr\/index.php?rest_route=\/wp\/v2\/pages"}],"about":[{"href":"https:\/\/sophrosportlille.fr\/index.php?rest_route=\/wp\/v2\/types\/page"}],"author":[{"embeddable":true,"href":"https:\/\/sophrosportlille.fr\/index.php?rest_route=\/wp\/v2\/users\/1"}],"replies":[{"embeddable":true,"href":"https:\/\/sophrosportlille.fr\/index.php?rest_route=%2Fwp%2Fv2%2Fcomments&post=1451"}],"version-history":[{"count":4,"href":"https:\/\/sophrosportlille.fr\/index.php?rest_route=\/wp\/v2\/pages\/1451\/revisions"}],"predecessor-version":[{"id":1666,"href":"https:\/\/sophrosportlille.fr\/index.php?rest_route=\/wp\/v2\/pages\/1451\/revisions\/1666"}],"wp:attachment":[{"href":"https:\/\/sophrosportlille.fr\/index.php?rest_route=%2Fwp%2Fv2%2Fmedia&parent=1451"}],"curies":[{"name":"wp","href":"https:\/\/api.w.org\/{rel}","templated":true}]}}