{"id":1251,"date":"2020-11-18T15:43:42","date_gmt":"2020-11-18T14:43:42","guid":{"rendered":"http:\/\/sophrosportlille.fr\/?page_id=1251"},"modified":"2024-07-29T22:05:23","modified_gmt":"2024-07-29T20:05:23","slug":"reservation","status":"publish","type":"page","link":"https:\/\/sophrosportlille.fr\/?page_id=1251","title":{"rendered":"R\u00e9servation"},"content":{"rendered":"\n<p><a href=\"https:\/\/liberlo.com\/profil\/emeline-regnier\/\" target=\"_blank\" rel=\"noreferrer noopener\"><img decoding=\"async\" src=\"https:\/\/liberlo.com\/wp-content\/themes\/liberlo\/assets\/imgs\/logo-simple-blanc.png\" alt=\"\"><\/a><\/p>\n\n\n\n<p class=\"has-normal-font-size\">Pour prendre rendez-vous au cabinet, \u00e0 domicile, ou en ligne :<\/p>\n\n\n\n<style>@import url('https:\/\/fonts.googleapis.com\/css?family=Work+Sans:100,200,300,400,500,600,700,800,900&display=swap');.btn-liberlo {text-decoration: none;word-break: break-word;max-width: fit-content;appearance: none;border:none;cursor:pointer;font-family: \"Work Sans\",arial,sans-serif;font-size: 16px;font-weight: 500;color: #fff;line-height: 1;display: -webkit-box;display: -ms-flexbox;display: flex;-webkit-box-align: center;-ms-flex-align: center;align-items: center;padding: 9px 54px;background-color: #6d58d6;border-radius: 5px;-webkit-transition: all .2s ease;-o-transition: all .2s ease;transition: all .2s ease;} .btn-liberlo img {margin-right: 10px;} .btn-liberlo .text {color: white!important;} .btn-liberlo:hover {background-color: #4e3f99;}<\/style><a href=\"https:\/\/liberlo.com\/profil\/emeline-regnier\/\" class=\"btn-liberlo\" target=\"_blank\" rel=\"noopener\"><img decoding=\"async\" src=\"https:\/\/liberlo.com\/wp-content\/themes\/liberlo\/assets\/imgs\/logo-simple-blanc.png\" alt=\"\"><span class=\"text\">RDV sur Liberlo.com<\/span><\/a>\n\n\n\n<p class=\"has-normal-font-size\"><\/p>\n\n\n\n<p class=\"has-normal-font-size\">Vous pouvez \u00e9galement me joindre<strong> <\/strong>par <strong>t\u00e9l\u00e9phone ou SMS au 07 49 41 89 65<\/strong> ou par mail \u00e0 <strong>emeline@sophrosportlille.fr<\/strong> .<\/p>\n\n\n\n<p>________________________<\/p>\n\n\n\n<p class=\"has-text-align-center has-normal-font-size\">Le r\u00e8glement de la prestation est \u00e0 effectuer <strong>par CB, ch\u00e8que ou esp\u00e8ces, le jour de votre s\u00e9ance. <br>Il est \u00e9galement possible de r\u00e9gler en amont, en ligne, <a href=\"https:\/\/emeline-regnier-enseignante-apa-et-sophrologue.sumupstore.com\/produits\">via ce lien<\/a>.<\/strong> <\/p>\n\n\n\n<p class=\"has-text-align-center has-text-color has-normal-font-size\" style=\"color:#ea873c\"> <strong>Carte Cadeau<\/strong> disponible <a href=\"https:\/\/giftcard.sumup.io\/order\/GD9IM3X\/emeline-regnier-ensignante-apa-et-sophrologue\" data-type=\"URL\" data-id=\"https:\/\/giftcard.sumup.io\/order\/GD9IM3X\/emeline-regnier-ensignante-apa-et-sophrologue\">| ICI |<\/a> <br>Transaction s\u00e9curis\u00e9e \/Montant minimal \u00e0 renseigner* <\/p>\n\n\n\n<p class=\"has-text-align-center has-text-color has-normal-font-size\" style=\"color:#ea873c\"><\/p>\n\n\n\n<blockquote class=\"wp-block-quote is-layout-flow wp-block-quote-is-layout-flow\">\n<p><strong>*Montant Carte-cadeau:<\/strong><\/p>\n\n\n\n<p>S\u00e9ance de 30 minutes = 30\u20ac<\/p>\n\n\n\n<p>1heure = 60\u20ac ;<\/p>\n\n\n\n<p>2 s\u00e9ances d&#8217;une heure= 100\u20ac .<\/p>\n\n\n\n<p><\/p>\n<\/blockquote>\n","protected":false},"excerpt":{"rendered":"<p>Pour prendre rendez-vous au cabinet, \u00e0 domicile, ou en ligne : RDV sur Liberlo.com Vous pouvez \u00e9galement me joindre par t\u00e9l\u00e9phone ou SMS au 07 49 41 89 65 ou &#8230;<\/p>\n","protected":false},"author":1,"featured_media":0,"parent":0,"menu_order":0,"comment_status":"closed","ping_status":"closed","template":"","meta":{"footnotes":""},"class_list":["post-1251","page","type-page","status-publish","hentry"],"_links":{"self":[{"href":"https:\/\/sophrosportlille.fr\/index.php?rest_route=\/wp\/v2\/pages\/1251","targetHints":{"allow":["GET"]}}],"collection":[{"href":"https:\/\/sophrosportlille.fr\/index.php?rest_route=\/wp\/v2\/pages"}],"about":[{"href":"https:\/\/sophrosportlille.fr\/index.php?rest_route=\/wp\/v2\/types\/page"}],"author":[{"embeddable":true,"href":"https:\/\/sophrosportlille.fr\/index.php?rest_route=\/wp\/v2\/users\/1"}],"replies":[{"embeddable":true,"href":"https:\/\/sophrosportlille.fr\/index.php?rest_route=%2Fwp%2Fv2%2Fcomments&post=1251"}],"version-history":[{"count":14,"href":"https:\/\/sophrosportlille.fr\/index.php?rest_route=\/wp\/v2\/pages\/1251\/revisions"}],"predecessor-version":[{"id":1785,"href":"https:\/\/sophrosportlille.fr\/index.php?rest_route=\/wp\/v2\/pages\/1251\/revisions\/1785"}],"wp:attachment":[{"href":"https:\/\/sophrosportlille.fr\/index.php?rest_route=%2Fwp%2Fv2%2Fmedia&parent=1251"}],"curies":[{"name":"wp","href":"https:\/\/api.w.org\/{rel}","templated":true}]}}